{"id":7919,"date":"2021-11-08T13:34:49","date_gmt":"2021-11-08T12:34:49","guid":{"rendered":"http:\/\/serwer2391875.home.pl\/autoinstalator\/wordpress\/index.php\/career\/"},"modified":"2025-09-11T22:35:00","modified_gmt":"2025-09-11T20:35:00","slug":"kariera","status":"publish","type":"page","link":"https:\/\/falcon-im.com\/en\/kariera\/","title":{"rendered":"Careers"},"content":{"rendered":"<div data-elementor-type=\"wp-page\" data-elementor-id=\"7919\" class=\"elementor elementor-7919\">\n\t\t\t\t\t\t<section class=\"elementor-section elementor-top-section elementor-element elementor-element-820ca8f elementor-section-boxed elementor-section-height-default elementor-section-height-default\" data-id=\"820ca8f\" data-element_type=\"section\" data-settings=\"{&quot;background_background&quot;:&quot;classic&quot;}\">\n\t\t\t\t\t\t\t<div class=\"elementor-background-overlay\"><\/div>\n\t\t\t\t\t\t\t<div class=\"elementor-container elementor-column-gap-default\">\n\t\t\t\t\t<div class=\"elementor-column elementor-col-100 elementor-top-column elementor-element elementor-element-d4f0b80\" data-id=\"d4f0b80\" data-element_type=\"column\">\n\t\t\t<div class=\"elementor-widget-wrap elementor-element-populated\">\n\t\t\t\t\t\t<div class=\"elementor-element elementor-element-9c12939 elementor-widget elementor-widget-heading\" data-id=\"9c12939\" data-element_type=\"widget\" data-widget_type=\"heading.default\">\n\t\t\t\t<div class=\"elementor-widget-container\">\n\t\t\t\t\t<h1 class=\"elementor-heading-title elementor-size-default\">Careers<\/h1>\t\t\t\t<\/div>\n\t\t\t\t<\/div>\n\t\t\t\t\t<\/div>\n\t\t<\/div>\n\t\t\t\t\t<\/div>\n\t\t<\/section>\n\t\t\t\t<section class=\"elementor-section elementor-top-section elementor-element elementor-element-e09bbe3 elementor-section-boxed elementor-section-height-default elementor-section-height-default\" data-id=\"e09bbe3\" data-element_type=\"section\">\n\t\t\t\t\t\t<div class=\"elementor-container elementor-column-gap-default\">\n\t\t\t\t\t<div class=\"elementor-column elementor-col-100 elementor-top-column elementor-element elementor-element-a153368\" data-id=\"a153368\" data-element_type=\"column\">\n\t\t\t<div class=\"elementor-widget-wrap elementor-element-populated\">\n\t\t\t\t\t\t<section class=\"elementor-section elementor-inner-section elementor-element elementor-element-440ac3a2 elementor-section-boxed elementor-section-height-default elementor-section-height-default\" data-id=\"440ac3a2\" data-element_type=\"section\">\n\t\t\t\t\t\t<div class=\"elementor-container elementor-column-gap-default\">\n\t\t\t\t\t<div class=\"elementor-column elementor-col-100 elementor-inner-column elementor-element elementor-element-6aec9cce\" data-id=\"6aec9cce\" data-element_type=\"column\">\n\t\t\t<div class=\"elementor-widget-wrap elementor-element-populated\">\n\t\t\t\t\t\t<div class=\"elementor-element elementor-element-ecf5e27 elementor-widget elementor-widget-text-editor\" data-id=\"ecf5e27\" data-element_type=\"widget\" data-widget_type=\"text-editor.default\">\n\t\t\t\t<div class=\"elementor-widget-container\">\n\t\t\t\t\t\t\t\t\t<h3>Join our team and together we will create the retail park market in Poland!<\/h3>\t\t\t\t\t\t\t\t<\/div>\n\t\t\t\t<\/div>\n\t\t\t\t\t<\/div>\n\t\t<\/div>\n\t\t\t\t\t<\/div>\n\t\t<\/section>\n\t\t\t\t<div class=\"elementor-element elementor-element-c4767e0 elementor-widget__width-initial elementor-widget elementor-widget-text-editor\" data-id=\"c4767e0\" data-element_type=\"widget\" data-widget_type=\"text-editor.default\">\n\t\t\t\t<div class=\"elementor-widget-container\">\n\t\t\t\t\t\t\t\t\t<h4 class=\"snews-title skariera-title\" style=\"text-align: left;\">See what recruitments we are currently conducting<\/h4>\t\t\t\t\t\t\t\t<\/div>\n\t\t\t\t<\/div>\n\t\t\t\t\t<\/div>\n\t\t<\/div>\n\t\t\t\t\t<\/div>\n\t\t<\/section>\n\t\t\t\t<section class=\"elementor-section elementor-top-section elementor-element elementor-element-f8ee866 elementor-section-boxed elementor-section-height-default elementor-section-height-default\" data-id=\"f8ee866\" data-element_type=\"section\">\n\t\t\t\t\t\t<div class=\"elementor-container elementor-column-gap-default\">\n\t\t\t\t\t<div class=\"elementor-column elementor-col-50 elementor-top-column elementor-element elementor-element-1afd620\" data-id=\"1afd620\" data-element_type=\"column\">\n\t\t\t<div class=\"elementor-widget-wrap elementor-element-populated\">\n\t\t\t\t\t\t<div class=\"elementor-element elementor-element-e7b1335 elementor-button-info elementor-align-center elementor-widget elementor-widget-button\" data-id=\"e7b1335\" data-element_type=\"widget\" data-widget_type=\"button.default\">\n\t\t\t\t<div class=\"elementor-widget-container\">\n\t\t\t\t\t\t\t\t\t<div class=\"elementor-button-wrapper\">\n\t\t\t\t\t<a class=\"elementor-button elementor-button-link elementor-size-lg\" href=\"https:\/\/falcon-im.com\/en\/kariera\/shopping-center-manager-siemianowice-slaskie\/\">\n\t\t\t\t\t\t<span class=\"elementor-button-content-wrapper\">\n\t\t\t\t\t\t<span class=\"elementor-button-icon\">\n\t\t\t\t<i aria-hidden=\"true\" class=\"fas fa-arrow-right\"><\/i>\t\t\t<\/span>\n\t\t\t\t\t\t\t\t\t<span class=\"elementor-button-text\">Shopping Center Manager\/Shopping Center Director in Siemianowice \u015al\u0105skie<\/span>\n\t\t\t\t\t<\/span>\n\t\t\t\t\t<\/a>\n\t\t\t\t<\/div>\n\t\t\t\t\t\t\t\t<\/div>\n\t\t\t\t<\/div>\n\t\t\t\t<div class=\"elementor-element elementor-element-295de4d elementor-button-info elementor-align-center elementor-widget elementor-widget-button\" data-id=\"295de4d\" data-element_type=\"widget\" data-widget_type=\"button.default\">\n\t\t\t\t<div class=\"elementor-widget-container\">\n\t\t\t\t\t\t\t\t\t<div class=\"elementor-button-wrapper\">\n\t\t\t\t\t<a class=\"elementor-button elementor-button-link elementor-size-lg\" href=\"https:\/\/falcon-im.com\/en\/kariera\/manager-ds-pozyskiwania-nieruchomosci-warszawa\/\">\n\t\t\t\t\t\t<span class=\"elementor-button-content-wrapper\">\n\t\t\t\t\t\t<span class=\"elementor-button-icon\">\n\t\t\t\t<i aria-hidden=\"true\" class=\"fas fa-arrow-right\"><\/i>\t\t\t<\/span>\n\t\t\t\t\t\t\t\t\t<span class=\"elementor-button-text\">Manager of Property Acquisition (Warsaw)<\/span>\n\t\t\t\t\t<\/span>\n\t\t\t\t\t<\/a>\n\t\t\t\t<\/div>\n\t\t\t\t\t\t\t\t<\/div>\n\t\t\t\t<\/div>\n\t\t\t\t<div class=\"elementor-element elementor-element-b076bf9 elementor-button-info elementor-align-center elementor-widget elementor-widget-button\" data-id=\"b076bf9\" data-element_type=\"widget\" data-widget_type=\"button.default\">\n\t\t\t\t<div class=\"elementor-widget-container\">\n\t\t\t\t\t\t\t\t\t<div class=\"elementor-button-wrapper\">\n\t\t\t\t\t<a class=\"elementor-button elementor-button-link elementor-size-lg\" href=\"https:\/\/falcon-im.com\/en\/kariera\/manager-ds-pozyskiwania-nieruchomosci-poznan\/\">\n\t\t\t\t\t\t<span class=\"elementor-button-content-wrapper\">\n\t\t\t\t\t\t<span class=\"elementor-button-icon\">\n\t\t\t\t<i aria-hidden=\"true\" class=\"fas fa-arrow-right\"><\/i>\t\t\t<\/span>\n\t\t\t\t\t\t\t\t\t<span class=\"elementor-button-text\">Manager of Property Acquisition (Pozna\u0144)<\/span>\n\t\t\t\t\t<\/span>\n\t\t\t\t\t<\/a>\n\t\t\t\t<\/div>\n\t\t\t\t\t\t\t\t<\/div>\n\t\t\t\t<\/div>\n\t\t\t\t<div class=\"elementor-element elementor-element-39de39c elementor-button-info elementor-align-center elementor-widget elementor-widget-button\" data-id=\"39de39c\" data-element_type=\"widget\" data-widget_type=\"button.default\">\n\t\t\t\t<div class=\"elementor-widget-container\">\n\t\t\t\t\t\t\t\t\t<div class=\"elementor-button-wrapper\">\n\t\t\t\t\t<a class=\"elementor-button elementor-button-link elementor-size-lg\" href=\"https:\/\/falcon-im.com\/en\/kariera\/manager-ds-pozyskiwania-nieruchomosci-wroclaw\/\">\n\t\t\t\t\t\t<span class=\"elementor-button-content-wrapper\">\n\t\t\t\t\t\t<span class=\"elementor-button-icon\">\n\t\t\t\t<i aria-hidden=\"true\" class=\"fas fa-arrow-right\"><\/i>\t\t\t<\/span>\n\t\t\t\t\t\t\t\t\t<span class=\"elementor-button-text\">Manager of Property Acquisition (Wroc\u0142aw)<\/span>\n\t\t\t\t\t<\/span>\n\t\t\t\t\t<\/a>\n\t\t\t\t<\/div>\n\t\t\t\t\t\t\t\t<\/div>\n\t\t\t\t<\/div>\n\t\t\t\t<div class=\"elementor-element elementor-element-efb9eba elementor-button-info elementor-align-center elementor-widget elementor-widget-button\" data-id=\"efb9eba\" data-element_type=\"widget\" data-widget_type=\"button.default\">\n\t\t\t\t<div class=\"elementor-widget-container\">\n\t\t\t\t\t\t\t\t\t<div class=\"elementor-button-wrapper\">\n\t\t\t\t\t<a class=\"elementor-button elementor-button-link elementor-size-lg\" href=\"https:\/\/pracodawcy.pracuj.pl\/company\/1074078072\" target=\"_blank\" rel=\"nofollow\">\n\t\t\t\t\t\t<span class=\"elementor-button-content-wrapper\">\n\t\t\t\t\t\t<span class=\"elementor-button-icon\">\n\t\t\t\t<i aria-hidden=\"true\" class=\"fas fa-arrow-right\"><\/i>\t\t\t<\/span>\n\t\t\t\t\t\t\t\t\t<span class=\"elementor-button-text\">Other offers<\/span>\n\t\t\t\t\t<\/span>\n\t\t\t\t\t<\/a>\n\t\t\t\t<\/div>\n\t\t\t\t\t\t\t\t<\/div>\n\t\t\t\t<\/div>\n\t\t\t\t\t<\/div>\n\t\t<\/div>\n\t\t\t\t<div class=\"elementor-column elementor-col-50 elementor-top-column elementor-element elementor-element-4d02e2d\" data-id=\"4d02e2d\" data-element_type=\"column\">\n\t\t\t<div class=\"elementor-widget-wrap elementor-element-populated\">\n\t\t\t\t\t\t<div class=\"elementor-element elementor-element-ab2e973 elementor-widget elementor-widget-image\" data-id=\"ab2e973\" data-element_type=\"widget\" data-widget_type=\"image.default\">\n\t\t\t\t<div class=\"elementor-widget-container\">\n\t\t\t\t\t\t\t\t\t\t\t\t\t\t\t<img fetchpriority=\"high\" decoding=\"async\" width=\"800\" height=\"564\" src=\"https:\/\/falcon-im.com\/wp-content\/uploads\/2024\/03\/Kariera_FIM_3.png\" class=\"attachment-large size-large wp-image-9982\" alt=\"\" srcset=\"https:\/\/falcon-im.com\/wp-content\/uploads\/2024\/03\/Kariera_FIM_3.png 800w, https:\/\/falcon-im.com\/wp-content\/uploads\/2024\/03\/Kariera_FIM_3-300x212.png 300w, https:\/\/falcon-im.com\/wp-content\/uploads\/2024\/03\/Kariera_FIM_3-768x541.png 768w, https:\/\/falcon-im.com\/wp-content\/uploads\/2024\/03\/Kariera_FIM_3-18x12.png 18w, https:\/\/falcon-im.com\/wp-content\/uploads\/2024\/03\/Kariera_FIM_3-794x560.png 794w, https:\/\/falcon-im.com\/wp-content\/uploads\/2024\/03\/Kariera_FIM_3-600x423.png 600w\" sizes=\"(max-width: 800px) 100vw, 800px\" \/>\t\t\t\t\t\t\t\t\t\t\t\t\t\t\t<\/div>\n\t\t\t\t<\/div>\n\t\t\t\t\t<\/div>\n\t\t<\/div>\n\t\t\t\t\t<\/div>\n\t\t<\/section>\n\t\t\t\t<section class=\"elementor-section elementor-top-section elementor-element elementor-element-d54ec77 elementor-section-boxed elementor-section-height-default elementor-section-height-default\" data-id=\"d54ec77\" data-element_type=\"section\">\n\t\t\t\t\t\t<div class=\"elementor-container elementor-column-gap-default\">\n\t\t\t\t\t<div class=\"elementor-column elementor-col-100 elementor-top-column elementor-element elementor-element-33a0971\" data-id=\"33a0971\" data-element_type=\"column\">\n\t\t\t<div class=\"elementor-widget-wrap elementor-element-populated\">\n\t\t\t\t\t\t<div class=\"elementor-element elementor-element-d71c0e5 elementor-widget__width-initial elementor-widget elementor-widget-text-editor\" data-id=\"d71c0e5\" data-element_type=\"widget\" data-widget_type=\"text-editor.default\">\n\t\t\t\t<div class=\"elementor-widget-container\">\n\t\t\t\t\t\t\t\t\t<h4 class=\"snews-title skariera-title\" style=\"text-align: left;\">\u00a0<\/h4><h4 class=\"snews-title skariera-title\" style=\"text-align: left;\">Don't see a position for you among the currently conducted recruitments?<\/h4><h4 class=\"snews-title skariera-title\" style=\"text-align: left;\">Send us your application to\u00a0<a href=\"mailto:praca@falcon-im.com\" target=\"_blank\" rel=\"noopener\">praca@falcon-im.com<\/a><\/h4><h4 class=\"snews-title skariera-title\" style=\"text-align: left;\">We will be happy to contact you when an offer matching your competences appears.<\/h4>\t\t\t\t\t\t\t\t<\/div>\n\t\t\t\t<\/div>\n\t\t\t\t\t<\/div>\n\t\t<\/div>\n\t\t\t\t\t<\/div>\n\t\t<\/section>\n\t\t\t\t<section class=\"elementor-section elementor-top-section elementor-element elementor-element-0218bd6 elementor-section-boxed elementor-section-height-default elementor-section-height-default\" data-id=\"0218bd6\" data-element_type=\"section\">\n\t\t\t\t\t\t<div class=\"elementor-container elementor-column-gap-default\">\n\t\t\t\t\t<div class=\"elementor-column elementor-col-100 elementor-top-column elementor-element elementor-element-e84d365\" data-id=\"e84d365\" data-element_type=\"column\">\n\t\t\t<div class=\"elementor-widget-wrap elementor-element-populated\">\n\t\t\t\t\t\t<div class=\"elementor-element elementor-element-fd9e197 elementor-widget elementor-widget-spacer\" data-id=\"fd9e197\" data-element_type=\"widget\" data-widget_type=\"spacer.default\">\n\t\t\t\t<div class=\"elementor-widget-container\">\n\t\t\t\t\t\t\t<div class=\"elementor-spacer\">\n\t\t\t<div class=\"elementor-spacer-inner\"><\/div>\n\t\t<\/div>\n\t\t\t\t\t\t<\/div>\n\t\t\t\t<\/div>\n\t\t\t\t\t<\/div>\n\t\t<\/div>\n\t\t\t\t\t<\/div>\n\t\t<\/section>\n\t\t\t\t<\/div>","protected":false},"excerpt":{"rendered":"<p>Kariera Do\u0142\u0105cz do naszego zespo\u0142u i razem z nami kreuj polski rynek park\u00f3w handlowych! Zobacz jakie rekrutacje aktualnie prowadzimy. Shopping Center Manager\/Shopping Center Director w Siemianowicach \u015al\u0105skich Manager ds. pozyskiwania nieruchomo\u015bci (Warszawa) Manager ds. pozyskiwania nieruchomo\u015bci (Pozna\u0144) Manager ds. pozyskiwania nieruchomo\u015bci (Wroc\u0142aw) Pozosta\u0142e oferty \u00a0 W\u015br\u00f3d aktualnie prowadzonych rekrutacji nie [&hellip;]<\/p>","protected":false},"author":1,"featured_media":9270,"parent":0,"menu_order":0,"comment_status":"closed","ping_status":"closed","template":"page-templates\/full-width-transparent.php","meta":{"footnotes":""},"class_list":["post-7919","page","type-page","status-publish","has-post-thumbnail","hentry"],"aioseo_notices":[],"_links":{"self":[{"href":"https:\/\/falcon-im.com\/en\/wp-json\/wp\/v2\/pages\/7919","targetHints":{"allow":["GET"]}}],"collection":[{"href":"https:\/\/falcon-im.com\/en\/wp-json\/wp\/v2\/pages"}],"about":[{"href":"https:\/\/falcon-im.com\/en\/wp-json\/wp\/v2\/types\/page"}],"author":[{"embeddable":true,"href":"https:\/\/falcon-im.com\/en\/wp-json\/wp\/v2\/users\/1"}],"replies":[{"embeddable":true,"href":"https:\/\/falcon-im.com\/en\/wp-json\/wp\/v2\/comments?post=7919"}],"version-history":[{"count":327,"href":"https:\/\/falcon-im.com\/en\/wp-json\/wp\/v2\/pages\/7919\/revisions"}],"predecessor-version":[{"id":10224,"href":"https:\/\/falcon-im.com\/en\/wp-json\/wp\/v2\/pages\/7919\/revisions\/10224"}],"wp:featuredmedia":[{"embeddable":true,"href":"https:\/\/falcon-im.com\/en\/wp-json\/wp\/v2\/media\/9270"}],"wp:attachment":[{"href":"https:\/\/falcon-im.com\/en\/wp-json\/wp\/v2\/media?parent=7919"}],"curies":[{"name":"wp","href":"https:\/\/api.w.org\/{rel}","templated":true}]}}