{"id":8835,"date":"2025-09-11T10:00:57","date_gmt":"2025-09-11T08:00:57","guid":{"rendered":"http:\/\/serwer2391875.home.pl\/autoinstalator\/wordpress\/?page_id=8835"},"modified":"2025-09-11T22:23:48","modified_gmt":"2025-09-11T20:23:48","slug":"manager-ds-pozyskiwania-nieruchomosci-wroclaw","status":"publish","type":"page","link":"https:\/\/falcon-im.com\/en\/kariera\/manager-ds-pozyskiwania-nieruchomosci-wroclaw\/","title":{"rendered":"Manager of Property Acquisition (Wroc\u0142aw)"},"content":{"rendered":"<div data-elementor-type=\"wp-page\" data-elementor-id=\"8835\" class=\"elementor elementor-8835\">\n\t\t\t\t\t\t<section class=\"elementor-section elementor-top-section elementor-element elementor-element-ae05aee elementor-section-boxed elementor-section-height-default elementor-section-height-default\" data-id=\"ae05aee\" data-element_type=\"section\" data-settings=\"{&quot;background_background&quot;:&quot;classic&quot;}\">\n\t\t\t\t\t\t\t<div class=\"elementor-background-overlay\"><\/div>\n\t\t\t\t\t\t\t<div class=\"elementor-container elementor-column-gap-default\">\n\t\t\t\t\t<div class=\"elementor-column elementor-col-100 elementor-top-column elementor-element elementor-element-a5b06e3\" data-id=\"a5b06e3\" data-element_type=\"column\">\n\t\t\t<div class=\"elementor-widget-wrap elementor-element-populated\">\n\t\t\t\t\t\t<div class=\"elementor-element elementor-element-c803e98 elementor-widget elementor-widget-heading\" data-id=\"c803e98\" data-element_type=\"widget\" data-widget_type=\"heading.default\">\n\t\t\t\t<div class=\"elementor-widget-container\">\n\t\t\t\t\t<h2 class=\"elementor-heading-title elementor-size-default\">Manager of Property Acquisition (Wroc\u0142aw)<\/h2>\t\t\t\t<\/div>\n\t\t\t\t<\/div>\n\t\t\t\t\t<\/div>\n\t\t<\/div>\n\t\t\t\t\t<\/div>\n\t\t<\/section>\n\t\t\t\t<section class=\"elementor-section elementor-top-section elementor-element elementor-element-62c71cf elementor-section-boxed elementor-section-height-default elementor-section-height-default\" data-id=\"62c71cf\" data-element_type=\"section\">\n\t\t\t\t\t\t<div class=\"elementor-container elementor-column-gap-default\">\n\t\t\t\t\t<div class=\"elementor-column elementor-col-100 elementor-top-column elementor-element elementor-element-55817a4\" data-id=\"55817a4\" data-element_type=\"column\">\n\t\t\t<div class=\"elementor-widget-wrap elementor-element-populated\">\n\t\t\t\t\t\t<div class=\"elementor-element elementor-element-758a08c elementor-widget__width-initial elementor-widget elementor-widget-text-editor\" data-id=\"758a08c\" data-element_type=\"widget\" data-widget_type=\"text-editor.default\">\n\t\t\t\t<div class=\"elementor-widget-container\">\n\t\t\t\t\t\t\t\t\t<h3><strong>Responsibilities:<\/strong><\/h3><ul><li>Actively searching for and acquiring commercial real estate properties in the south-west region of Poland in accordance with the company\u2019s development strategy (preferred provinces: dolno\u015bl\u0105skie, opolskie, \u015bl\u0105skie, wielkopolskie)<\/li><li>Market analysis of real estate, including identifying attractive locations for building a retail park (in terms of retail space saturation in the city\/region).<\/li><li>Negotiating the conditions of securing and purchasing properties with developers, property owners, and agents.<\/li><li>Building and maintaining relationships with business partners such as developers, real estate agencies and landowners.<\/li><li>Preparing market analyses and recommending strategic actions in property acquisition.<\/li><li>Coordinating the property acquisition process from site research to transaction completion.<\/li><li>Collaboration with other departments (technical, legal, financial) to realize investments.<\/li><li>Preparing analyses and presentations of selected locations for the Management Board.<\/li><\/ul><h3><strong><b>Requirements<\/b><\/strong><strong>:<\/strong><\/h3><ul><li>Minimum 3 years of experience in real estate, including commercial property acquisition (experience in a company implementing retail parks or in a retail chain building large-scale properties is an additional advantage).<\/li><li>Practical ability to assess the commercial potential of a location\/project. Good knowledge of the real estate market in north-east Poland.<\/li><li>Proven experience in conducting projects.<\/li><li>Negotiation and analytical skills, result-oriented.<\/li><li>Ability to build and maintain long-term relationships with business partners and an established network of contacts in the real estate industry.<\/li><li>High independence, good work organization and responsibility.<\/li><li>Good command of English is an asset.<\/li><li>Willingness to travel for business within the region.<\/li><li>High work standards and a strong work ethic<\/li><\/ul><h3><strong>We offer:<\/strong><\/h3><ul><li>Work in a stable and growing investment company with an established position on the market.<\/li><li>Attractive employment and remuneration conditions.<\/li><li>Professional growth opportunities in an ambitious team.<\/li><li>Support in realizing professional goals.<\/li><li>Tools necessary for efficient performance of duties.<\/li><\/ul><h3><strong>Benefits:<\/strong><\/h3><ul><li>Subsidized sports activities<\/li><li>Private medical care<\/li><li>Subsidized language course<\/li><li>No dress code<\/li><li>Integration meetings \/ social events<\/li><li>Company phone for private use<\/li><\/ul><p><strong>We reserve the right to only answer selected submissions to this offer of employment. If you are interested please send your CV\/resume to\u00a0<a href=\"mailto:praca@falcon-im.com\">praca@falcon-im.com<\/a><\/strong><\/p>\t\t\t\t\t\t\t\t<\/div>\n\t\t\t\t<\/div>\n\t\t\t\t\t<\/div>\n\t\t<\/div>\n\t\t\t\t\t<\/div>\n\t\t<\/section>\n\t\t\t\t<section class=\"elementor-section elementor-top-section elementor-element elementor-element-714c6f6 elementor-section-boxed elementor-section-height-default elementor-section-height-default\" data-id=\"714c6f6\" data-element_type=\"section\">\n\t\t\t\t\t\t<div class=\"elementor-container elementor-column-gap-default\">\n\t\t\t\t\t<div class=\"elementor-column elementor-col-100 elementor-top-column elementor-element elementor-element-de1d679\" data-id=\"de1d679\" data-element_type=\"column\">\n\t\t\t<div class=\"elementor-widget-wrap elementor-element-populated\">\n\t\t\t\t\t\t<div class=\"elementor-element elementor-element-c311b74 elementor-widget elementor-widget-spacer\" data-id=\"c311b74\" data-element_type=\"widget\" data-widget_type=\"spacer.default\">\n\t\t\t\t<div class=\"elementor-widget-container\">\n\t\t\t\t\t\t\t<div class=\"elementor-spacer\">\n\t\t\t<div class=\"elementor-spacer-inner\"><\/div>\n\t\t<\/div>\n\t\t\t\t\t\t<\/div>\n\t\t\t\t<\/div>\n\t\t\t\t\t<\/div>\n\t\t<\/div>\n\t\t\t\t\t<\/div>\n\t\t<\/section>\n\t\t\t\t<\/div>","protected":false},"excerpt":{"rendered":"<p>Manager ds. pozyskiwania nieruchomo\u015bci (Wroc\u0142aw) Zakres obowi\u0105zk\u00f3w: Aktywne poszukiwanie i pozyskiwanie nieruchomo\u015bci komercyjnych w regionie po\u0142udniowo- zachodnim Polski, zgodnych ze strategi\u0105 rozwoju firmy (preferowane wojew\u00f3dztwa: dolno\u015bl\u0105skie, opolskie, \u015bl\u0105skie, wielkopolskie) Analiza rynku nieruchomo\u015bci, w tym identyfikowanie atrakcyjnych lokalizacji pod budow\u0119 parku handlowego (pod k\u0105tem nasycenia powierzchni\u0105 handlow\u0105 w mie\u015bcie\/regionie). Negocjowanie warunk\u00f3w [&hellip;]<\/p>","protected":false},"author":1,"featured_media":0,"parent":7919,"menu_order":0,"comment_status":"closed","ping_status":"closed","template":"page-templates\/full-width-transparent.php","meta":{"footnotes":""},"class_list":["post-8835","page","type-page","status-publish","hentry"],"aioseo_notices":[],"_links":{"self":[{"href":"https:\/\/falcon-im.com\/en\/wp-json\/wp\/v2\/pages\/8835","targetHints":{"allow":["GET"]}}],"collection":[{"href":"https:\/\/falcon-im.com\/en\/wp-json\/wp\/v2\/pages"}],"about":[{"href":"https:\/\/falcon-im.com\/en\/wp-json\/wp\/v2\/types\/page"}],"author":[{"embeddable":true,"href":"https:\/\/falcon-im.com\/en\/wp-json\/wp\/v2\/users\/1"}],"replies":[{"embeddable":true,"href":"https:\/\/falcon-im.com\/en\/wp-json\/wp\/v2\/comments?post=8835"}],"version-history":[{"count":33,"href":"https:\/\/falcon-im.com\/en\/wp-json\/wp\/v2\/pages\/8835\/revisions"}],"predecessor-version":[{"id":10211,"href":"https:\/\/falcon-im.com\/en\/wp-json\/wp\/v2\/pages\/8835\/revisions\/10211"}],"up":[{"embeddable":true,"href":"https:\/\/falcon-im.com\/en\/wp-json\/wp\/v2\/pages\/7919"}],"wp:attachment":[{"href":"https:\/\/falcon-im.com\/en\/wp-json\/wp\/v2\/media?parent=8835"}],"curies":[{"name":"wp","href":"https:\/\/api.w.org\/{rel}","templated":true}]}}