{"id":8840,"date":"2025-09-11T10:02:38","date_gmt":"2025-09-11T08:02:38","guid":{"rendered":"http:\/\/serwer2391875.home.pl\/autoinstalator\/wordpress\/?page_id=8840"},"modified":"2025-09-11T21:56:05","modified_gmt":"2025-09-11T19:56:05","slug":"manager-ds-pozyskiwania-nieruchomosci-poznan","status":"publish","type":"page","link":"https:\/\/falcon-im.com\/en\/kariera\/manager-ds-pozyskiwania-nieruchomosci-poznan\/","title":{"rendered":"Manager of Property Acquisition (Pozna\u0144)"},"content":{"rendered":"<div data-elementor-type=\"wp-page\" data-elementor-id=\"8840\" class=\"elementor elementor-8840\">\n\t\t\t\t\t\t<section class=\"elementor-section elementor-top-section elementor-element elementor-element-eaac1d5 elementor-section-boxed elementor-section-height-default elementor-section-height-default\" data-id=\"eaac1d5\" data-element_type=\"section\" data-settings=\"{&quot;background_background&quot;:&quot;classic&quot;}\">\n\t\t\t\t\t\t\t<div class=\"elementor-background-overlay\"><\/div>\n\t\t\t\t\t\t\t<div class=\"elementor-container elementor-column-gap-default\">\n\t\t\t\t\t<div class=\"elementor-column elementor-col-100 elementor-top-column elementor-element elementor-element-79d637f\" data-id=\"79d637f\" data-element_type=\"column\">\n\t\t\t<div class=\"elementor-widget-wrap elementor-element-populated\">\n\t\t\t\t\t\t<div class=\"elementor-element elementor-element-8d12c23 elementor-widget elementor-widget-heading\" data-id=\"8d12c23\" data-element_type=\"widget\" data-widget_type=\"heading.default\">\n\t\t\t\t<div class=\"elementor-widget-container\">\n\t\t\t\t\t<h1 class=\"elementor-heading-title elementor-size-default\">Manager of Property Acquisition (Pozna\u0144)<\/h1>\t\t\t\t<\/div>\n\t\t\t\t<\/div>\n\t\t\t\t\t<\/div>\n\t\t<\/div>\n\t\t\t\t\t<\/div>\n\t\t<\/section>\n\t\t\t\t<section class=\"elementor-section elementor-top-section elementor-element elementor-element-8bf3389 elementor-section-boxed elementor-section-height-default elementor-section-height-default\" data-id=\"8bf3389\" data-element_type=\"section\">\n\t\t\t\t\t\t<div class=\"elementor-container elementor-column-gap-default\">\n\t\t\t\t\t<div class=\"elementor-column elementor-col-100 elementor-top-column elementor-element elementor-element-d0a1de0\" data-id=\"d0a1de0\" data-element_type=\"column\">\n\t\t\t<div class=\"elementor-widget-wrap elementor-element-populated\">\n\t\t\t\t\t\t<div class=\"elementor-element elementor-element-573e5d6 elementor-widget__width-initial elementor-widget elementor-widget-text-editor\" data-id=\"573e5d6\" data-element_type=\"widget\" data-widget_type=\"text-editor.default\">\n\t\t\t\t<div class=\"elementor-widget-container\">\n\t\t\t\t\t\t\t\t\t<h3><strong>Responsibilities:<\/strong><\/h3><ul><li>Actively searching for and acquiring commercial real estate in the north-west region of Poland in accordance with the company\u2019s development strategy (preferred provinces:  zachodniopomorskie, pomorskie, lubuskie, wielkopolskie, kujawsko-pomorskie).<\/li><li>Market analysis of real estate, including identifying attractive locations for building a retail park (in terms of retail space saturation in the city\/region).<\/li><li>Negotiating the conditions of securing and purchasing properties with developers, property owners, and agents.<\/li><li>Building and maintaining relationships with business partners such as developers, real estate agencies and landowners.<\/li><li>Preparing market analyses and recommending strategic actions in property acquisition.<\/li><li>Coordinating the property acquisition process from site research to transaction completion.<\/li><li>Collaboration with other departments (technical, legal, financial) to realize investments.<\/li><li>Preparing analyses and presentations of selected locations for the Management Board.<\/li><\/ul><h3><strong><b>Requirements<\/b><\/strong><strong>:<\/strong><\/h3><ul><li>Minimum 3 years of experience in real estate, including commercial property acquisition (experience in a company implementing retail parks or in a retail chain building large-scale properties is an additional advantage).<\/li><li>Practical ability to assess the commercial potential of a location\/project. Good knowledge of the real estate market in north-east Poland.<\/li><li>Proven experience in conducting projects.<\/li><li>Negotiation and analytical skills, result-oriented.<\/li><li>Ability to build and maintain long-term relationships with business partners and an established network of contacts in the real estate industry.<\/li><li>High independence, good work organization and responsibility.<\/li><li>Good command of English is an asset.<\/li><li>Willingness to travel for business within the region.<\/li><li>High work standards and a strong work ethic<\/li><\/ul><h3><strong>We offer:<\/strong><\/h3><ul><li>Work in a stable and growing investment company with an established position on the market.<\/li><li>Attractive employment and remuneration conditions.<\/li><li>Professional growth opportunities in an ambitious team.<\/li><li>Support in realizing professional goals.<\/li><li>Tools necessary for efficient performance of duties.<\/li><\/ul><h3><strong>Benefits:<\/strong><\/h3><ul><li>Private medical care<\/li><li>Integration meetings \/ social events<\/li><li>Company phone for private use<\/li><li>No dress code<\/li><\/ul><p><strong>We reserve the right to only answer selected submissions to this offer of employment. If you are interested please send your CV\/resume to\u00a0<a href=\"mailto:praca@falcon-im.com\">praca@falcon-im.com<\/a><\/strong><\/p>\t\t\t\t\t\t\t\t<\/div>\n\t\t\t\t<\/div>\n\t\t\t\t\t<\/div>\n\t\t<\/div>\n\t\t\t\t\t<\/div>\n\t\t<\/section>\n\t\t\t\t<section class=\"elementor-section elementor-top-section elementor-element elementor-element-4842001 elementor-section-boxed elementor-section-height-default elementor-section-height-default\" data-id=\"4842001\" data-element_type=\"section\">\n\t\t\t\t\t\t<div class=\"elementor-container elementor-column-gap-default\">\n\t\t\t\t\t<div class=\"elementor-column elementor-col-100 elementor-top-column elementor-element elementor-element-261c758\" data-id=\"261c758\" data-element_type=\"column\">\n\t\t\t<div class=\"elementor-widget-wrap elementor-element-populated\">\n\t\t\t\t\t\t<div class=\"elementor-element elementor-element-f1a6253 elementor-widget elementor-widget-spacer\" data-id=\"f1a6253\" data-element_type=\"widget\" data-widget_type=\"spacer.default\">\n\t\t\t\t<div class=\"elementor-widget-container\">\n\t\t\t\t\t\t\t<div class=\"elementor-spacer\">\n\t\t\t<div class=\"elementor-spacer-inner\"><\/div>\n\t\t<\/div>\n\t\t\t\t\t\t<\/div>\n\t\t\t\t<\/div>\n\t\t\t\t\t<\/div>\n\t\t<\/div>\n\t\t\t\t\t<\/div>\n\t\t<\/section>\n\t\t\t\t<\/div>","protected":false},"excerpt":{"rendered":"<p>Manager ds. pozyskiwania nieruchomo\u015bci (Pozna\u0144) Zakres obowi\u0105zk\u00f3w: Aktywne poszukiwanie i pozyskiwanie nieruchomo\u015bci komercyjnych w regionie p\u00f3\u0142nocno- zachodnim Polski, zgodnych ze strategi\u0105 rozwoju firmy (preferowane wojew\u00f3dztwa: zachodniopomorskie, pomorskie, lubuskie, wielkopolskie, kujawsko-pomorskie). Analiza rynku nieruchomo\u015bci, w tym identyfikowanie atrakcyjnych lokalizacji pod budow\u0119 parku handlowego (pod k\u0105tem nasycenia powierzchni\u0105 handlow\u0105 w mie\u015bcie\/regionie). Negocjowanie [&hellip;]<\/p>","protected":false},"author":1,"featured_media":0,"parent":7919,"menu_order":0,"comment_status":"closed","ping_status":"closed","template":"page-templates\/full-width-transparent.php","meta":{"footnotes":""},"class_list":["post-8840","page","type-page","status-publish","hentry"],"aioseo_notices":[],"_links":{"self":[{"href":"https:\/\/falcon-im.com\/en\/wp-json\/wp\/v2\/pages\/8840","targetHints":{"allow":["GET"]}}],"collection":[{"href":"https:\/\/falcon-im.com\/en\/wp-json\/wp\/v2\/pages"}],"about":[{"href":"https:\/\/falcon-im.com\/en\/wp-json\/wp\/v2\/types\/page"}],"author":[{"embeddable":true,"href":"https:\/\/falcon-im.com\/en\/wp-json\/wp\/v2\/users\/1"}],"replies":[{"embeddable":true,"href":"https:\/\/falcon-im.com\/en\/wp-json\/wp\/v2\/comments?post=8840"}],"version-history":[{"count":29,"href":"https:\/\/falcon-im.com\/en\/wp-json\/wp\/v2\/pages\/8840\/revisions"}],"predecessor-version":[{"id":10207,"href":"https:\/\/falcon-im.com\/en\/wp-json\/wp\/v2\/pages\/8840\/revisions\/10207"}],"up":[{"embeddable":true,"href":"https:\/\/falcon-im.com\/en\/wp-json\/wp\/v2\/pages\/7919"}],"wp:attachment":[{"href":"https:\/\/falcon-im.com\/en\/wp-json\/wp\/v2\/media?parent=8840"}],"curies":[{"name":"wp","href":"https:\/\/api.w.org\/{rel}","templated":true}]}}