{"id":9737,"date":"2025-09-11T08:20:12","date_gmt":"2025-09-11T06:20:12","guid":{"rendered":"https:\/\/falcon-im.com\/?page_id=9737"},"modified":"2025-09-11T22:00:14","modified_gmt":"2025-09-11T20:00:14","slug":"manager-ds-pozyskiwania-nieruchomosci-warszawa","status":"publish","type":"page","link":"https:\/\/falcon-im.com\/en\/kariera\/manager-ds-pozyskiwania-nieruchomosci-warszawa\/","title":{"rendered":"Manager of Property Acquisition (Warsaw)"},"content":{"rendered":"<div data-elementor-type=\"wp-page\" data-elementor-id=\"9737\" class=\"elementor elementor-9737\">\n\t\t\t\t\t\t<section class=\"elementor-section elementor-top-section elementor-element elementor-element-a5d9bd1 elementor-section-boxed elementor-section-height-default elementor-section-height-default\" data-id=\"a5d9bd1\" data-element_type=\"section\" data-settings=\"{&quot;background_background&quot;:&quot;classic&quot;}\">\n\t\t\t\t\t\t\t<div class=\"elementor-background-overlay\"><\/div>\n\t\t\t\t\t\t\t<div class=\"elementor-container elementor-column-gap-default\">\n\t\t\t\t\t<div class=\"elementor-column elementor-col-100 elementor-top-column elementor-element elementor-element-c907a1b\" data-id=\"c907a1b\" data-element_type=\"column\">\n\t\t\t<div class=\"elementor-widget-wrap elementor-element-populated\">\n\t\t\t\t\t\t<div class=\"elementor-element elementor-element-7349403 elementor-widget elementor-widget-heading\" data-id=\"7349403\" data-element_type=\"widget\" data-widget_type=\"heading.default\">\n\t\t\t\t<div class=\"elementor-widget-container\">\n\t\t\t\t\t<h1 class=\"elementor-heading-title elementor-size-default\">Manager of Property Acquisition (Warsaw)<\/h1>\t\t\t\t<\/div>\n\t\t\t\t<\/div>\n\t\t\t\t\t<\/div>\n\t\t<\/div>\n\t\t\t\t\t<\/div>\n\t\t<\/section>\n\t\t\t\t<section class=\"elementor-section elementor-top-section elementor-element elementor-element-6974a82 elementor-section-boxed elementor-section-height-default elementor-section-height-default\" data-id=\"6974a82\" data-element_type=\"section\">\n\t\t\t\t\t\t<div class=\"elementor-container elementor-column-gap-default\">\n\t\t\t\t\t<div class=\"elementor-column elementor-col-100 elementor-top-column elementor-element elementor-element-e35afa2\" data-id=\"e35afa2\" data-element_type=\"column\">\n\t\t\t<div class=\"elementor-widget-wrap elementor-element-populated\">\n\t\t\t\t\t\t<div class=\"elementor-element elementor-element-364f6d7 elementor-widget__width-initial elementor-widget elementor-widget-text-editor\" data-id=\"364f6d7\" data-element_type=\"widget\" data-widget_type=\"text-editor.default\">\n\t\t\t\t<div class=\"elementor-widget-container\">\n\t\t\t\t\t\t\t\t\t<h3><strong>Responsibilities:<\/strong><\/h3>\n<ul>\n \t<li>Actively searching for and acquiring commercial real estate in the north-east region of Poland in accordance with the company\u2019s development strategy (preferred provinces: warmi\u0144sko-mazurskie, podlaskie, mazowieckie, \u0142\u00f3dzkie, kujawsko-pomorskie).<\/li>\n \t<li>Market analysis of real estate, including identifying attractive locations for building a retail park (in terms of retail space saturation in the city\/region).<\/li>\n \t<li>Negotiating the conditions of securing and purchasing properties with developers, property owners, and agents.<\/li>\n \t<li>Building and maintaining relationships with business partners such as developers, real estate agencies and landowners.<\/li>\n \t<li>Preparing market analyses and recommending strategic actions in property acquisition.<\/li>\n \t<li>Coordinating the property acquisition process from site research to transaction completion.<\/li>\n \t<li>Collaboration with other departments (technical, legal, financial) to realize investments.<\/li>\n \t<li>Preparing analyses and presentations of selected locations for the Management Board.<\/li>\n<\/ul>\n<h3><strong><b>Requirements<\/b><\/strong><strong>:<\/strong><\/h3>\n<ul>\n \t<li>Minimum 3 years of experience in real estate, including commercial property acquisition (experience in a company implementing retail parks or in a retail chain building large-scale properties is an additional advantage).<\/li>\n \t<li>Practical ability to assess the commercial potential of a location\/project. Good knowledge of the real estate market in north-east Poland.<\/li>\n \t<li>Proven experience in conducting projects.<\/li>\n \t<li>Negotiation and analytical skills, result-oriented.<\/li>\n \t<li>Ability to build and maintain long-term relationships with business partners and an established network of contacts in the real estate industry.<\/li>\n \t<li>High independence, good work organization and responsibility.<\/li>\n \t<li>Good command of English is an asset.<\/li>\n \t<li>Willingness to travel for business within the region.<\/li>\n \t<li>High work standards and a strong work ethic<\/li>\n<\/ul>\n<h3><strong>We offer:<\/strong><\/h3>\n<ul>\n \t<li>Work in a stable and growing investment company with an established position on the market.<\/li>\n \t<li>Attractive employment and remuneration conditions.<\/li>\n \t<li>Professional growth opportunities in an ambitious team.<\/li>\n \t<li>Support in realizing professional goals.<\/li>\n \t<li>Tools necessary for efficient performance of duties.<\/li>\n<\/ul>\n<h3><strong>Benefits:<\/strong><\/h3>\n<ul>\n \t<li>Subsidized sports activities<\/li>\n \t<li>Private medical care<\/li>\n \t<li>Subsidized language course<\/li>\n \t<li>Flexible working hours<\/li>\n \t<li>Integration meetings \/ social events<\/li>\n \t<li>Company phone for private use<\/li>\n<\/ul>\n<strong>We reserve the right to only answer selected submissions to this offer of employment. If you are interested please send your CV\/resume to\u00a0<a href=\"mailto:praca@falcon-im.com\">praca@falcon-im.com<\/a><\/strong>\t\t\t\t\t\t\t\t<\/div>\n\t\t\t\t<\/div>\n\t\t\t\t\t<\/div>\n\t\t<\/div>\n\t\t\t\t\t<\/div>\n\t\t<\/section>\n\t\t\t\t<\/div>","protected":false},"excerpt":{"rendered":"<p>Manager ds. pozyskiwania nieruchomo\u015bci (Warszawa) Zakres obowi\u0105zk\u00f3w: Aktywne poszukiwanie i pozyskiwanie nieruchomo\u015bci komercyjnych w regionie p\u00f3\u0142nocno-wschodnim Polski, zgodnych ze strategi\u0105 rozwoju firmy (preferowane wojew\u00f3dztwa: warmi\u0144sko-mazurskie, podlaskie, mazowieckie, \u0142\u00f3dzkie, kujawsko-pomorskie). Analiza rynku nieruchomo\u015bci, w tym identyfikowanie atrakcyjnych lokalizacji pod budow\u0119 parku handlowego (pod k\u0105tem nasycenia powierzchni\u0105 handlow\u0105 w mie\u015bcie\/regionie). Negocjowanie warunk\u00f3w [&hellip;]<\/p>","protected":false},"author":1,"featured_media":0,"parent":7919,"menu_order":0,"comment_status":"closed","ping_status":"closed","template":"page-templates\/full-width-transparent.php","meta":{"footnotes":""},"class_list":["post-9737","page","type-page","status-publish","hentry"],"aioseo_notices":[],"_links":{"self":[{"href":"https:\/\/falcon-im.com\/en\/wp-json\/wp\/v2\/pages\/9737","targetHints":{"allow":["GET"]}}],"collection":[{"href":"https:\/\/falcon-im.com\/en\/wp-json\/wp\/v2\/pages"}],"about":[{"href":"https:\/\/falcon-im.com\/en\/wp-json\/wp\/v2\/types\/page"}],"author":[{"embeddable":true,"href":"https:\/\/falcon-im.com\/en\/wp-json\/wp\/v2\/users\/1"}],"replies":[{"embeddable":true,"href":"https:\/\/falcon-im.com\/en\/wp-json\/wp\/v2\/comments?post=9737"}],"version-history":[{"count":23,"href":"https:\/\/falcon-im.com\/en\/wp-json\/wp\/v2\/pages\/9737\/revisions"}],"predecessor-version":[{"id":10212,"href":"https:\/\/falcon-im.com\/en\/wp-json\/wp\/v2\/pages\/9737\/revisions\/10212"}],"up":[{"embeddable":true,"href":"https:\/\/falcon-im.com\/en\/wp-json\/wp\/v2\/pages\/7919"}],"wp:attachment":[{"href":"https:\/\/falcon-im.com\/en\/wp-json\/wp\/v2\/media?parent=9737"}],"curies":[{"name":"wp","href":"https:\/\/api.w.org\/{rel}","templated":true}]}}